{"id":61,"date":"2023-04-12T20:51:36","date_gmt":"2023-04-12T18:51:36","guid":{"rendered":"https:\/\/koprek.cluster014.ovh.net\/wordpress\/?page_id=61"},"modified":"2023-08-13T11:37:57","modified_gmt":"2023-08-13T09:37:57","slug":"ueber-uns","status":"publish","type":"page","link":"https:\/\/www.koprek.eu\/?page_id=61","title":{"rendered":"\u00dcber uns"},"content":{"rendered":"\n<div class=\"section-wrapper\" data-id=\"Jl8TBo\"><section class=\"wp-block-gutenverse-section guten-element guten-section guten-Jl8TBo layout-boxed align-stretch\"><div class=\"guten-background-overlay\"><\/div><div class=\"guten-shape-divider guten-shape-divider-top\"><\/div><div class=\"guten-shape-divider guten-shape-divider-bottom\"><\/div><div class=\"guten-container guten-column-gap-no\">\n<div class=\"wp-block-gutenverse-column guten-element guten-column guten-EGSuUO\"><div class=\"guten-background-overlay\"><\/div><div class=\"sticky-wrapper\" data-id=\"EGSuUO\"><div class=\"guten-column-wrapper\">\n<div class=\"wp-block-gutenverse-image guten-element guten-image guten-9h88ad animated guten-element-hide desktop-fadeInLeft\"><a class=\"guten-image-wrapper\"><img loading=\"lazy\" decoding=\"async\" class=\"gutenverse-image-box-filled\" src=\"https:\/\/www.koprek.eu\/wp-content\/uploads\/2023\/04\/Jakub.png\" height=\"665\" width=\"569\"\/><\/a><\/div>\n<\/div><\/div><\/div>\n\n\n\n<div class=\"wp-block-gutenverse-column guten-element guten-column guten-DjspGP\"><div class=\"guten-background-overlay\"><\/div><div class=\"sticky-wrapper\" data-id=\"DjspGP\"><div class=\"guten-column-wrapper\">\n<div class=\"section-wrapper\" data-id=\"dasmft\"><section class=\"wp-block-gutenverse-section guten-element guten-section guten-dasmft animated guten-element-hide desktop-fadeInRight layout-boxed align-stretch\"><div class=\"guten-background-overlay\"><\/div><div class=\"guten-shape-divider guten-shape-divider-top\"><\/div><div class=\"guten-shape-divider guten-shape-divider-bottom\"><\/div><div class=\"guten-container guten-column-gap-no\">\n<div class=\"wp-block-gutenverse-column guten-element guten-column guten-hJ48Cg\"><div class=\"guten-background-overlay\"><\/div><div class=\"sticky-wrapper\" data-id=\"hJ48Cg\"><div class=\"guten-column-wrapper\">\n<h5 class=\"wp-block-gutenverse-heading guten-element guten-bLQgca\">Willkommen zur Firma KOPREK<\/h5>\n\n\n\n<h2 class=\"wp-block-gutenverse-heading guten-element guten-OQmLN1\">Verwaltung &#8211; Immobilien &#8211; Services<\/h2>\n\n\n\n<div class=\"guten-element gutenverse-text-editor guten-TEpLc5\"><div class=\"text-content-inner\">\n<p>Die Firma Koprek ist ein Inhaber gef\u00fchrtes Unternehmen, welches von<br>Herrn Diplom \u00d6konom Jakub Koprek gegr\u00fcndet wurde.<br>Sein Studium absolvierte er an der Ruhr-Universit\u00e4t-Bochum und begann schon w\u00e4hrenddessen<br>seine berufliche Zukunft in der Immobilienbranche.<\/p>\n\n\n\n<p>Seit 2005 agieren wir im gesamten Rhein-, Ruhrgebiet, sowie im Sauerland<br>als Immobilienverwalter und -vermittler.<br>Mit unseren Spezialisierungen Controlling und \u00d6konometrie erschlie\u00dfen sich f\u00fcr unsere Kunden besondere Vorteile. Beispielsweise im Bereich des Controlling,<br>hier sind insbesondere die Kosten- und Erl\u00f6srechnung, Vorteilhaftigkeitsanalyse,<br>sowie Unternehmens- und Projektbewertung schwerpunktm\u00e4\u00dfig hervorzuheben.<br>Hinzu kommen unsere Spezialisierungen im Steuerrecht, sodass die st\u00e4ndig durchgef\u00fchrten Vorteilhaftigkeitsanalysen immer unter Einbezug der steuerrechtlichen Gesetzgebung durchgef\u00fchrt werden k\u00f6nnen.<\/p>\n\n\n\n<p>Mit unserer Erfahrung ist das Unternehmen Koprek bei allen Verwaltungsangelegenheiten Ihrer Immobilie ein zuverl\u00e4ssiger und vertrauensvoller Partner.<\/p>\n<\/div><\/div>\n<\/div><\/div><\/div>\n<\/div><\/section><\/div>\n\n\n\n<div class=\"section-wrapper\" data-id=\"qkRuSm\"><section class=\"wp-block-gutenverse-section guten-element guten-section guten-qkRuSm layout-boxed align-stretch\"><div class=\"guten-background-overlay\"><\/div><div class=\"guten-shape-divider guten-shape-divider-top\"><\/div><div class=\"guten-shape-divider guten-shape-divider-bottom\"><\/div><div class=\"guten-container guten-column-gap-no\">\n<div class=\"wp-block-gutenverse-column guten-element guten-column guten-0ZvMLr animated guten-element-hide desktop-fadeInUp\"><div class=\"guten-background-overlay\"><\/div><div class=\"sticky-wrapper\" data-id=\"0ZvMLr\"><div class=\"guten-column-wrapper\"><\/div><\/div><\/div>\n\n\n\n<div class=\"wp-block-gutenverse-column guten-element guten-column guten-bxg50J animated guten-element-hide desktop-fadeInUp\"><div class=\"guten-background-overlay\"><\/div><div class=\"sticky-wrapper\" data-id=\"bxg50J\"><div class=\"guten-column-wrapper\"><\/div><\/div><\/div>\n<\/div><\/section><\/div>\n<\/div><\/div><\/div>\n<\/div><\/section><\/div>\n","protected":false},"excerpt":{"rendered":"","protected":false},"author":1,"featured_media":0,"parent":0,"menu_order":0,"comment_status":"closed","ping_status":"closed","template":"","meta":{"footnotes":""},"class_list":["post-61","page","type-page","status-publish","hentry"],"_links":{"self":[{"href":"https:\/\/www.koprek.eu\/index.php?rest_route=\/wp\/v2\/pages\/61","targetHints":{"allow":["GET"]}}],"collection":[{"href":"https:\/\/www.koprek.eu\/index.php?rest_route=\/wp\/v2\/pages"}],"about":[{"href":"https:\/\/www.koprek.eu\/index.php?rest_route=\/wp\/v2\/types\/page"}],"author":[{"embeddable":true,"href":"https:\/\/www.koprek.eu\/index.php?rest_route=\/wp\/v2\/users\/1"}],"replies":[{"embeddable":true,"href":"https:\/\/www.koprek.eu\/index.php?rest_route=%2Fwp%2Fv2%2Fcomments&post=61"}],"version-history":[{"count":4,"href":"https:\/\/www.koprek.eu\/index.php?rest_route=\/wp\/v2\/pages\/61\/revisions"}],"predecessor-version":[{"id":157,"href":"https:\/\/www.koprek.eu\/index.php?rest_route=\/wp\/v2\/pages\/61\/revisions\/157"}],"wp:attachment":[{"href":"https:\/\/www.koprek.eu\/index.php?rest_route=%2Fwp%2Fv2%2Fmedia&parent=61"}],"curies":[{"name":"wp","href":"https:\/\/api.w.org\/{rel}","templated":true}]}}