{"id":163,"date":"2023-08-13T11:44:29","date_gmt":"2023-08-13T09:44:29","guid":{"rendered":"https:\/\/www.koprek.eu\/?page_id=163"},"modified":"2023-08-14T09:36:07","modified_gmt":"2023-08-14T07:36:07","slug":"immobilien","status":"publish","type":"page","link":"https:\/\/www.koprek.eu\/?page_id=163","title":{"rendered":"IMMOBILIEN"},"content":{"rendered":"\n<div class=\"section-wrapper\" data-id=\"phucwG\"><section class=\"wp-block-gutenverse-section guten-element guten-section guten-phucwG layout-fullwidth align-stretch overflow-auto\"><div class=\"guten-background-overlay\"><\/div><div class=\"guten-shape-divider guten-shape-divider-top\"><\/div><div class=\"guten-shape-divider guten-shape-divider-bottom\"><\/div><div class=\"guten-container guten-column-gap-no\">\n<div class=\"wp-block-gutenverse-column guten-element guten-column guten-vDd6Yf\"><div class=\"guten-background-overlay\"><\/div><div class=\"sticky-wrapper\" data-id=\"vDd6Yf\"><div class=\"guten-column-wrapper\">\n<h5 class=\"wp-block-gutenverse-heading guten-element guten-SbXRBr\">KOPREK<\/h5>\n\n\n\n<h2 class=\"wp-block-gutenverse-heading guten-element guten-7XSY9p\">IMMOBILIEN<\/h2>\n\n\n\n<div class=\"guten-element gutenverse-text-editor guten-Si6RDk\"><div class=\"text-content-inner\">\n<p>Wir machen Sie wunschlos gl\u00fccklich. Die Koprek Ideologie:<br>Die dauerhafte Zufriedenheit unserer Kunden ist unsere oberste Maxime. Die Grundlage daf\u00fcr ist ein enger, vertrauensvoller und transparenter Kundenkontakt,<br>damit wir sofort herausfiltern k\u00f6nnen in welchen Bereichen wir uns unterst\u00fctzend einbringen k\u00f6nnen.<br>Wir helfen Ihnen gerne mit unserem Fachwissen bei den Themen Kauf oder Verkauf, Anmietung oder Vermietung,<br>Finanzierung, Neubau, Projektentwicklung sowie Energieberatung und Hausverwaltung. Dabei nehmen wir uns Zeit und beraten Sie realistisch und individuell.<\/p>\n\n\n\n<p><\/p>\n\n\n\n<p><\/p>\n<\/div><\/div>\n\n\n\n<div class=\"section-wrapper\" data-id=\"sXfPmY\"><section class=\"wp-block-gutenverse-section guten-element guten-section guten-sXfPmY layout-fullwidth align-stretch\"><div class=\"guten-background-overlay\"><\/div><div class=\"guten-shape-divider guten-shape-divider-top\"><\/div><div class=\"guten-shape-divider guten-shape-divider-bottom\"><\/div><div class=\"guten-container guten-column-gap-no\">\n<div class=\"wp-block-gutenverse-column guten-element guten-column guten-fKhp33 animated guten-element-hide desktop-fadeInUp\"><div class=\"guten-background-overlay\"><\/div><div class=\"sticky-wrapper\" data-id=\"fKhp33\"><div class=\"guten-column-wrapper\">\n<h2 class=\"wp-block-gutenverse-heading guten-element guten-NExbLO\">Unsere Serviceleistungen<\/h2>\n\n\n\n<div class=\"guten-element guten-KjAbux guten-icon-box icon-position-top\"><div class=\"guten-icon-box-wrapper hover-from-left\"><div class=\"icon-box icon-box-header\"><div class=\"icon style-color\"><i class=\"gtn gtn-dollar-light\"><\/i><\/div><\/div><div class=\"icon-box icon-box-body\"><h2 class=\"title\">Marktpreisermittlung<\/h2><p class=\"icon-box-description\">Als erfahrene Immobilienmakler erhalten Sie von uns kostenlos eine Einsch\u00e4tzung \u00fcber den aktuellen Marktwert Ihrer Immobilie.<\/p><\/div><\/div><\/div>\n\n\n\n<div class=\"guten-element guten-ztfGyI guten-icon-box icon-position-undefined\"><div class=\"guten-icon-box-wrapper hover-from-left\"><div class=\"icon-box icon-box-header\"><div class=\"icon style-color\"><i class=\"gtn gtn-piggy-bank-solid\"><\/i><\/div><\/div><div class=\"icon-box icon-box-body\"><h2 class=\"title\">Finanzierung<\/h2><p class=\"icon-box-description\">Wir finden nach einer umfassenden Analyse, dass f\u00fcr Sie passende Finanzierungsmodell.<br>Scheuen Sie sich nicht und nutzen Sie unser kostenloses und umfassendes Beratungsangebot.<\/p><\/div><\/div><\/div>\n\n\n\n<div class=\"guten-element guten-NQCi8k guten-icon-box icon-position-undefined\"><div class=\"guten-icon-box-wrapper hover-from-left\"><div class=\"icon-box icon-box-header\"><div class=\"icon style-color\"><i class=\"gtn gtn-Consultancy-light\"><\/i><\/div><\/div><div class=\"icon-box icon-box-body\"><h2 class=\"title\">Kaufberatung<\/h2><p class=\"icon-box-description\">Ein Immobilienkauf ist f\u00fcr die meisten die gr\u00f6\u00dfte und sensibelste Anschaffung Ihres Lebens. Mit unserer Beratung und Kompetenz finden wir Ihre Traumimmobilie.<\/p><\/div><\/div><\/div>\n\n\n\n<div class=\"guten-element guten-81xE23 guten-icon-box icon-position-undefined\"><div class=\"guten-icon-box-wrapper hover-from-left\"><div class=\"icon-box icon-box-header\"><div class=\"icon style-color\"><i class=\"gtn gtn-store-alt-solid\"><\/i><\/div><\/div><div class=\"icon-box icon-box-body\"><h2 class=\"title\">Mietberatung<\/h2><p class=\"icon-box-description\">Die Auswahl neuer Fl\u00e4chen und das Verhandeln von Mietvertr\u00e4gen geh\u00f6ren nicht zum Kerngesch\u00e4ft der meisten Unternehmen.<br>Die Auseinandersetzung mit diesen Themen erfordert viele Ressourcen, die im Kerngesch\u00e4ft profitabler eingesetzt werden k\u00f6nnen.<br>Wir bieten Ihnen die ma\u00dfgeschneiderte Beratung.<\/p><\/div><\/div><\/div>\n<\/div><\/div><\/div>\n\n\n\n<div class=\"wp-block-gutenverse-column guten-element guten-column guten-lrIkYI animated guten-element-hide desktop-fadeInUp\"><div class=\"guten-background-overlay\"><\/div><div class=\"sticky-wrapper\" data-id=\"lrIkYI\"><div class=\"guten-column-wrapper\"><\/div><\/div><\/div>\n<\/div><\/section><\/div>\n\n\n\n<div class=\"section-wrapper\" data-id=\"MreNfQ\"><section class=\"wp-block-gutenverse-section guten-element guten-section guten-MreNfQ layout-fullwidth align-stretch\"><div class=\"guten-background-overlay\"><\/div><div class=\"guten-shape-divider guten-shape-divider-top\"><\/div><div class=\"guten-shape-divider guten-shape-divider-bottom\"><\/div><div class=\"guten-container guten-column-gap-default\">\n<div class=\"wp-block-gutenverse-column guten-element guten-column guten-1hCTu4\"><div class=\"guten-background-overlay\"><\/div><div class=\"sticky-wrapper\" data-id=\"1hCTu4\"><div class=\"guten-column-wrapper\">\n<p class=\"has-heading-2-font-size\">Mietbewerbungen &#8211; Wie bewerbe ich mich f\u00fcr eine Wohnung?<\/p>\n\n\n\n<p>F\u00fcr die Bewerbung ben\u00f6tigen Sie lediglich das zweiseitige Bewerbungsformular, welches Sie bei der Wohnungsbesichtigung, in unserem B\u00fcro<br>oder ganz einfach auf unserer Internetseite unter Formulare \/ Downloads erhalten.<br>F\u00fcllen Sie dieses bitte komplett aus. Zu allen Angaben ist einen Nachweis erforderlich, bei einer Anstellung, die letzte Lohnabrechnung.<br>Falls Sie sich in der Lehre oder im Studium befinden ist eine entsprechende Bescheinigung erforderlich.<br>Dies gilt auch f\u00fcr andere Einkunftsquellen. Bei Renteneink\u00fcnften ben\u00f6tigen wir die letzte Rentenbescheinigung.<br>Falls die Wohnung von den Eltern finanziert werden soll, ist eine entsprechende Erkl\u00e4rung Ihrer Eltern erforderlich.<\/p>\n\n\n\n<p>Bitte holen Sie eine Eigenauskunft bei der SCHUFA Holding AG ein. Davon ben\u00f6tigen wir f\u00fcr das Bewerbungsverfahren lediglich die Seite,<br>auf welcher die Kennzahl &#8222;Basis-Score&#8220; angegeben ist.<br>Erfahrungsgem\u00e4\u00df ist die online Einholung der Eigenauskunft der schnellste Weg, um an die Auskunft zu gelangen. Sie erhalten diese in der Regel sofort.<\/p>\n\n\n\n<p>Bewerben sich mehrere Personen f\u00fcr eine Wohnung, hat jeder der Bewerber ein separates Bewerbungsformular auszuf\u00fcllen und alle Unterlagen entsprechend beizulegen.<\/p>\n\n\n\n<p>Bitte beachten Sie, dass wir zun\u00e4chst alle Unterlagen ben\u00f6tigen. Diese k\u00f6nnen uns vorab bequem per E-Mail zugesandt werden,<br>m\u00fcssen zur \u00dcberpr\u00fcfung aber sp\u00e4testens bei Vertragsunterzeichnung im Original vorgelegt werden.<br>Gerne k\u00f6nnen Sie uns diese ebenfalls im Vorhinein postalisch \u00fcbersenden,<br>pers\u00f6nlich bei der Wohnungsbesichtigung oder im B\u00fcro nach vorheriger Terminabsprache \u00fcberreichen.<\/p>\n<\/div><\/div><\/div>\n<\/div><\/section><\/div>\n<\/div><\/div><\/div>\n<\/div><\/section><\/div>\n","protected":false},"excerpt":{"rendered":"","protected":false},"author":1,"featured_media":0,"parent":0,"menu_order":0,"comment_status":"closed","ping_status":"closed","template":"","meta":{"footnotes":""},"class_list":["post-163","page","type-page","status-publish","hentry"],"_links":{"self":[{"href":"https:\/\/www.koprek.eu\/index.php?rest_route=\/wp\/v2\/pages\/163","targetHints":{"allow":["GET"]}}],"collection":[{"href":"https:\/\/www.koprek.eu\/index.php?rest_route=\/wp\/v2\/pages"}],"about":[{"href":"https:\/\/www.koprek.eu\/index.php?rest_route=\/wp\/v2\/types\/page"}],"author":[{"embeddable":true,"href":"https:\/\/www.koprek.eu\/index.php?rest_route=\/wp\/v2\/users\/1"}],"replies":[{"embeddable":true,"href":"https:\/\/www.koprek.eu\/index.php?rest_route=%2Fwp%2Fv2%2Fcomments&post=163"}],"version-history":[{"count":16,"href":"https:\/\/www.koprek.eu\/index.php?rest_route=\/wp\/v2\/pages\/163\/revisions"}],"predecessor-version":[{"id":214,"href":"https:\/\/www.koprek.eu\/index.php?rest_route=\/wp\/v2\/pages\/163\/revisions\/214"}],"wp:attachment":[{"href":"https:\/\/www.koprek.eu\/index.php?rest_route=%2Fwp%2Fv2%2Fmedia&parent=163"}],"curies":[{"name":"wp","href":"https:\/\/api.w.org\/{rel}","templated":true}]}}