{"id":159,"date":"2023-08-13T11:39:04","date_gmt":"2023-08-13T09:39:04","guid":{"rendered":"https:\/\/www.koprek.eu\/?page_id=159"},"modified":"2023-08-14T09:31:11","modified_gmt":"2023-08-14T07:31:11","slug":"verwaltung-3","status":"publish","type":"page","link":"https:\/\/www.koprek.eu\/?page_id=159","title":{"rendered":"VERWALTUNG"},"content":{"rendered":"\n<div class=\"section-wrapper\" data-id=\"17WAA2\"><section class=\"wp-block-gutenverse-section guten-element guten-section guten-17WAA2 layout-boxed align-stretch\"><div class=\"guten-background-overlay\"><\/div><div class=\"guten-shape-divider guten-shape-divider-top\"><\/div><div class=\"guten-shape-divider guten-shape-divider-bottom\"><\/div><div class=\"guten-container guten-column-gap-default\">\n<div class=\"wp-block-gutenverse-column guten-element guten-column guten-HvyX4X\"><div class=\"guten-background-overlay\"><\/div><div class=\"sticky-wrapper\" data-id=\"HvyX4X\"><div class=\"guten-column-wrapper\">\n<h5 class=\"wp-block-gutenverse-heading guten-element guten-JVbiOB\">ZUVERL\u00c4SSIG KOMPETENT ERREICHBAR<\/h5>\n\n\n\n<h2 class=\"wp-block-gutenverse-heading guten-element guten-BZpFn5\">KOPREK VERWALTUNG<\/h2>\n\n\n\n<p class=\"has-text-align-left\">Zu den T\u00e4tigkeitsschwerpunkten des Unternehmens Koprek z\u00e4hlen die Verwaltung von Wohnungseigent\u00fcmergemeinschaften (WEG) und die Verwaltung von Mietimmobilien. Alle Verwaltungst\u00e4tigkeiten werden bei uns unter einem Dach ausgef\u00fchrt. Unsere Fachkr\u00e4fte gew\u00e4hrleisten eine professionelle, pers\u00f6nliche und individuelle Objektbetreuung. Wir verwalten derzeit zahlreiche Objekte in den Ballungsgebieten K\u00f6ln, M\u00fclheim a. d. Ruhr, Oberhausen, Duisburg, Bochum, Essen,  D\u00fcsseldorf und dem Sauerland. Durch die zentrale Lage ist eine schnelle Erreichbarkeit der Objekte m\u00f6glich, um eventuelle Probleme rasch zu beseitigen oder Ma\u00dfnahmen zu begleiten.<\/p>\n<\/div><\/div><\/div>\n<\/div><\/section><\/div>\n\n\n\n<div class=\"section-wrapper\" data-id=\"hvl9XV\"><section class=\"wp-block-gutenverse-section guten-element guten-section guten-hvl9XV layout-boxed align-stretch\"><div class=\"guten-background-overlay\"><\/div><div class=\"guten-shape-divider guten-shape-divider-top\"><\/div><div class=\"guten-shape-divider guten-shape-divider-bottom\"><\/div><div class=\"guten-container guten-column-gap-no\">\n<div class=\"wp-block-gutenverse-column guten-element guten-column guten-ja1d91\"><div class=\"guten-background-overlay\"><\/div><div class=\"sticky-wrapper\" data-id=\"ja1d91\"><div class=\"guten-column-wrapper\">\n<div class=\"section-wrapper\" data-id=\"iah2ck\"><section class=\"wp-block-gutenverse-section guten-element guten-section guten-iah2ck layout-boxed align-stretch\"><div class=\"guten-background-overlay\"><\/div><div class=\"guten-shape-divider guten-shape-divider-top\"><\/div><div class=\"guten-shape-divider guten-shape-divider-bottom\"><\/div><div class=\"guten-container guten-column-gap-default\">\n<div class=\"wp-block-gutenverse-column guten-element guten-column guten-mqXzh7\"><div class=\"guten-background-overlay\"><\/div><div class=\"sticky-wrapper\" data-id=\"mqXzh7\"><div class=\"guten-column-wrapper\">\n<div class=\"guten-element guten-udI165 animated guten-element-hide desktop-fadeIn guten-icon-box icon-position-left\"><div class=\"guten-icon-box-wrapper hover-from-left\"><div class=\"icon-box icon-box-header\"><div class=\"icon style-color\"><i class=\"fas fa-people-arrows\"><\/i><\/div><\/div><div class=\"icon-box icon-box-body\"><h3 class=\"title\">WEG Verwaltung<\/h3><p class=\"icon-box-description\">Wir gew\u00e4hrleisten Ihnen eine professionelle und ma\u00dfgeschneiderte Objektbetreuung nach den Bestimmungen des Wohnungseigentumsgesetzes (WEG).<br>Uns liegt es am Herzen nicht nur die reine Geldverwaltung Ihrer Immobilie in die Hand zu nehmen, sondern auch den Werterhalt bzw. die Wertsteigerung Ihrer Immobilie ins Auge zu fassen. <\/p><\/div><\/div><\/div>\n\n\n\n<div class=\"guten-element guten-2BLXym animated guten-element-hide desktop-fadeIn guten-icon-box icon-position-left\"><div class=\"guten-icon-box-wrapper hover-from-left\"><div class=\"icon-box icon-box-header\"><div class=\"icon style-color\"><i class=\"fas fa-search-plus\"><\/i><\/div><\/div><div class=\"icon-box icon-box-body\"><h3 class=\"title\">Ihre Vorteile<\/h3><p class=\"icon-box-description\">Ihr Verm\u00f6gensstatus kann jederzeit bei uns abgefragt werden wir haben ein gro\u00dfes Netzwerk an zuverl\u00e4ssigen Handwerkern und Fachkr\u00e4ften f\u00fcr schnelle, kosteng\u00fcnstige und unkomplizierte Abwicklung eventueller Reparaturen, Wartungen und Installationen aller Art. Wir k\u00f6nnen auf einen festen Pool erfahrener Architekten, Generalunternehmer, Banken und Versicherungen zur\u00fcckgreifen. <\/p><\/div><\/div><\/div>\n<\/div><\/div><\/div>\n\n\n\n<div class=\"wp-block-gutenverse-column guten-element guten-column guten-TuQ7UF\"><div class=\"guten-background-overlay\"><\/div><div class=\"sticky-wrapper\" data-id=\"TuQ7UF\"><div class=\"guten-column-wrapper\">\n<div class=\"guten-element guten-MUVYNY animated guten-element-hide desktop-fadeIn guten-icon-box icon-position-left\"><div class=\"guten-icon-box-wrapper hover-from-left\"><div class=\"icon-box icon-box-header\"><div class=\"icon style-color\"><i class=\"fas fa-store\"><\/i><\/div><\/div><div class=\"icon-box icon-box-body\"><h3 class=\"title\">Mietverwaltung<\/h3><p class=\"icon-box-description\">Dank unserer Erfahrung ist es f\u00fcr uns m\u00f6glich die \u00dcbernahme der Hausverwaltung f\u00fcr Sie schnell und einfach zu realisieren. Bei der \u00dcbernahme einer Verwaltung starten wir mit der technischen Bestandsaufnahme, um den Zustand und die bestehende Haustechnik zu dokumentieren. Danach werden alle weiteren Modalit\u00e4ten, wie bestehende Mietvertr\u00e4ge, Mietkautionen, Versicherungsvertr\u00e4ge gepr\u00fcft und analysiert.<br>In gemeinsamer Absprache optimieren wir dann Schritt f\u00fcr Schritt Ihr Objekt nach Ihren W\u00fcnschen und Vorstellungen. <\/p><\/div><\/div><\/div>\n\n\n\n<div class=\"guten-element guten-icruZj animated guten-element-hide desktop-fadeIn guten-icon-box icon-position-left\"><div class=\"guten-icon-box-wrapper hover-from-left\"><div class=\"icon-box icon-box-header\"><div class=\"icon style-color\"><i class=\"fas fa-store-alt\"><\/i><\/div><\/div><div class=\"icon-box icon-box-body\"><h3 class=\"title\">Sondermietverwaltung<\/h3><p class=\"icon-box-description\">Bei der Verwaltung und Betreuung von Haus- und Wohnungseigentum sind Profis gefragt. Wir k\u00fcmmern uns um die vollst\u00e4ndige Abwicklung Ihres Mietverh\u00e4ltnisses im Innenverh\u00e4ltnis zu Ihrer Mietpartei und im Bedarfsfall im Au\u00dfenverh\u00e4ltnis gegen\u00fcber beh\u00f6rdlichen Einrichtungen.<\/p><\/div><\/div><\/div>\n<\/div><\/div><\/div>\n<\/div><\/section><\/div>\n<\/div><\/div><\/div>\n<\/div><\/section><\/div>\n","protected":false},"excerpt":{"rendered":"","protected":false},"author":1,"featured_media":0,"parent":0,"menu_order":0,"comment_status":"closed","ping_status":"closed","template":"","meta":{"footnotes":""},"class_list":["post-159","page","type-page","status-publish","hentry"],"_links":{"self":[{"href":"https:\/\/www.koprek.eu\/index.php?rest_route=\/wp\/v2\/pages\/159","targetHints":{"allow":["GET"]}}],"collection":[{"href":"https:\/\/www.koprek.eu\/index.php?rest_route=\/wp\/v2\/pages"}],"about":[{"href":"https:\/\/www.koprek.eu\/index.php?rest_route=\/wp\/v2\/types\/page"}],"author":[{"embeddable":true,"href":"https:\/\/www.koprek.eu\/index.php?rest_route=\/wp\/v2\/users\/1"}],"replies":[{"embeddable":true,"href":"https:\/\/www.koprek.eu\/index.php?rest_route=%2Fwp%2Fv2%2Fcomments&post=159"}],"version-history":[{"count":11,"href":"https:\/\/www.koprek.eu\/index.php?rest_route=\/wp\/v2\/pages\/159\/revisions"}],"predecessor-version":[{"id":210,"href":"https:\/\/www.koprek.eu\/index.php?rest_route=\/wp\/v2\/pages\/159\/revisions\/210"}],"wp:attachment":[{"href":"https:\/\/www.koprek.eu\/index.php?rest_route=%2Fwp%2Fv2%2Fmedia&parent=159"}],"curies":[{"name":"wp","href":"https:\/\/api.w.org\/{rel}","templated":true}]}}