{"id":109,"date":"2023-06-19T21:48:52","date_gmt":"2023-06-19T19:48:52","guid":{"rendered":"https:\/\/koprek.cluster014.ovh.net\/wordpress\/?page_id=109"},"modified":"2023-08-14T09:50:57","modified_gmt":"2023-08-14T07:50:57","slug":"109-2","status":"publish","type":"page","link":"https:\/\/www.koprek.eu\/?page_id=109","title":{"rendered":"SERVICES"},"content":{"rendered":"\n<div class=\"section-wrapper\" data-id=\"6bhgev\"><section class=\"wp-block-gutenverse-section guten-element guten-section guten-6bhgev layout-boxed align-stretch\"><div class=\"guten-background-overlay\"><\/div><div class=\"guten-shape-divider guten-shape-divider-top\"><\/div><div class=\"guten-shape-divider guten-shape-divider-bottom\"><\/div><div class=\"guten-container guten-column-gap-no\">\n<div class=\"wp-block-gutenverse-column guten-element guten-column guten-ag1E9u\"><div class=\"guten-background-overlay\"><\/div><div class=\"sticky-wrapper\" data-id=\"ag1E9u\"><div class=\"guten-column-wrapper\">\n<h5 class=\"wp-block-gutenverse-heading guten-element guten-bQYrFL\">KOPREK IMMOBILIEN SERVICES<\/h5>\n\n\n\n<h2 class=\"wp-block-gutenverse-heading guten-element guten-Sy7BEq\">UNSER ANGEBOT F\u00dcR SIE<\/h2>\n\n\n\n<div class=\"guten-element gutenverse-text-editor guten-4JuxDv\"><div class=\"text-content-inner\">\n<p class=\"has-text-align-left\">Zuverl\u00e4ssig, komfortabel und nachhaltig. Das Koprek Serviceangebot:<\/p>\n\n\n\n<p class=\"has-text-align-left\">Unser Steckenpferd ist die Heiz-und Nebenkostenabrechnung. F\u00fcr die gewissenhafte Auswertung und um die Fehlerquote so gering wie m\u00f6glich zu halten, arbeiten wir hier mit einer aktuellen, modernen und zuverl\u00e4ssigen Software. Die Verbrauchsdaten werden vor Ort bei den Verbrauchern gesichert und per Unterschrift best\u00e4tigt. Im Interesse Ihrer Mieter f\u00fchren wir in der Regel die Ablesung nach 17:00 Uhr durch und bieten im Einzelfall kostenlos einen zweiten Ablesetermin an. Die Hausverwaltung erh\u00e4lt von uns eine komplette Gesamtrechnung und f\u00fcr jeden einzelnen Nutzer wird zus\u00e4tzlich eine separate und \u00fcbersichtliche Einzelabrechnung erstellt. Die wesentlichen Vorz\u00fcge unserer Dienstleistung:<br>Zuverl\u00e4ssige Ablesung der Erfassungsger\u00e4te klare und \u00fcbersichtliche Formulare. Nur ein Ansprechpartner \u00fcber die gesamte Vertragsdauer leicht nachvollziehbares Abrechnungsverfahren, Hausnebenkostenabrechnung von einem neutralen und kompetenten Partner.<\/p>\n<\/div><\/div>\n\n\n\n<div class=\"section-wrapper\" data-id=\"L8kjco\"><section class=\"wp-block-gutenverse-section guten-element guten-section guten-L8kjco layout-boxed align-stretch\"><div class=\"guten-background-overlay\"><\/div><div class=\"guten-shape-divider guten-shape-divider-top\"><\/div><div class=\"guten-shape-divider guten-shape-divider-bottom\"><\/div><div class=\"guten-container guten-column-gap-no\">\n<div class=\"wp-block-gutenverse-column guten-element guten-column guten-9MdbER animated guten-element-hide desktop-fadeInUp\"><div class=\"guten-background-overlay\"><\/div><div class=\"sticky-wrapper\" data-id=\"9MdbER\"><div class=\"guten-column-wrapper\">\n<div class=\"guten-element guten-G1XdK6 guten-icon-box icon-position-top\"><div class=\"guten-icon-box-wrapper hover-from-arise\"><div class=\"icon-box icon-box-header\"><div class=\"icon style-color\"><i class=\"gtn gtn-apartment-light\"><\/i><\/div><\/div><div class=\"icon-box icon-box-body\"><h3 class=\"title\">Energiedatenmanagement<\/h3><p class=\"icon-box-description\">Wir analysieren Ihre Energiekosten und k\u00fcmmern uns um eine Optimierung Ihrer Anlage f\u00fcr mehr Effizienz.<br>Durch unsere Beobachtungen ist es m\u00f6glich bei auff\u00e4lligen Abweichungen m\u00f6gliche Ursachen zu ermitteln.<\/p><\/div><\/div><\/div>\n<\/div><\/div><\/div>\n\n\n\n<div class=\"wp-block-gutenverse-column guten-element guten-column guten-MhsShT animated guten-element-hide desktop-fadeInUp\"><div class=\"guten-background-overlay\"><\/div><div class=\"sticky-wrapper\" data-id=\"MhsShT\"><div class=\"guten-column-wrapper\">\n<div class=\"guten-element guten-HPi9Bh guten-icon-box icon-position-top\"><div class=\"guten-icon-box-wrapper hover-from-arise\"><div class=\"icon-box icon-box-header\"><div class=\"icon style-color\"><a class=\"\" href=\"https:\/\/www.koprek.eu\/?page_id=64\"><i class=\"gtn gtn-design-light\"><\/i><\/a><\/div><\/div><div class=\"icon-box icon-box-body\"><a class=\"\" href=\"https:\/\/www.koprek.eu\/?page_id=64\"><h3 class=\"title\">Formulare und Downloads<\/h3><\/a><p class=\"icon-box-description\">Hier finden Sie Beispielabrechnungen und weitere Formulare zum Download bereit.<br><br><\/p><\/div><\/div><\/div>\n<\/div><\/div><\/div>\n<\/div><\/section><\/div>\n\n\n\n<div class=\"section-wrapper\" data-id=\"mY5zNX\"><section class=\"wp-block-gutenverse-section guten-element guten-section guten-mY5zNX animated guten-element-hide desktop-fadeInUp layout-boxed align-stretch\"><div class=\"guten-background-overlay\"><\/div><div class=\"guten-shape-divider guten-shape-divider-top\"><\/div><div class=\"guten-shape-divider guten-shape-divider-bottom\"><\/div><div class=\"guten-container guten-column-gap-no\">\n<div class=\"wp-block-gutenverse-column guten-element guten-column guten-z8Z1pi animated guten-element-hide desktop-fadeInUp\"><div class=\"guten-background-overlay\"><\/div><div class=\"sticky-wrapper\" data-id=\"z8Z1pi\"><div class=\"guten-column-wrapper\">\n<div class=\"guten-element guten-enQjOe guten-icon-box icon-position-top\"><div class=\"guten-icon-box-wrapper hover-from-arise\"><div class=\"icon-box icon-box-header\"><div class=\"icon style-color\"><i class=\"gtn gtn-save-money-light\"><\/i><\/div><\/div><div class=\"icon-box icon-box-body\"><h3 class=\"title\">Pr\u00e4mie<\/h3><p class=\"icon-box-description\">Sind Sie zufrieden mit unseren Leistungen? Dann empfehlen Sie uns weiter. Wir belohnen Sie f\u00fcr jeden neu geworbenen Kunden,<br>der bei uns eine Dienstleistung beauftragt mit einer attraktiven Sofort-Gutschrift von 150 Euro.<br><br><\/p><\/div><\/div><\/div>\n<\/div><\/div><\/div>\n\n\n\n<div class=\"wp-block-gutenverse-column guten-element guten-column guten-02MEDH animated guten-element-hide desktop-fadeInUp\"><div class=\"guten-background-overlay\"><\/div><div class=\"sticky-wrapper\" data-id=\"02MEDH\"><div class=\"guten-column-wrapper\">\n<div class=\"guten-element guten-K2kBUF guten-icon-box icon-position-top\"><div class=\"guten-icon-box-wrapper hover-from-arise\"><div class=\"icon-box icon-box-header\"><div class=\"icon style-color\"><i class=\"gtn gtn-house-1-light\"><\/i><\/div><\/div><div class=\"icon-box icon-box-body\"><h3 class=\"title\">Energiepass<\/h3><p class=\"icon-box-description\">Was f\u00fcr K\u00fchlschr\u00e4nke und Waschmaschinen schon lange Usus ist, gilt nun auch f\u00fcr Geb\u00e4ude.<br>Auf Basis der Energieeinsparverordnung wird die Energieeffizienz Ihrer Immobilie beurteilt.<br>Diese Leistung erhalten unsere Kunden j\u00e4hrlich. So kann ganz einfach die Wirtschaftlichkeit Ihrer Anlage \u00fcberpr\u00fcft werden. <\/p><\/div><\/div><\/div>\n<\/div><\/div><\/div>\n<\/div><\/section><\/div>\n<\/div><\/div><\/div>\n<\/div><\/section><\/div>\n","protected":false},"excerpt":{"rendered":"","protected":false},"author":1,"featured_media":0,"parent":0,"menu_order":0,"comment_status":"closed","ping_status":"closed","template":"","meta":{"footnotes":""},"class_list":["post-109","page","type-page","status-publish","hentry"],"_links":{"self":[{"href":"https:\/\/www.koprek.eu\/index.php?rest_route=\/wp\/v2\/pages\/109","targetHints":{"allow":["GET"]}}],"collection":[{"href":"https:\/\/www.koprek.eu\/index.php?rest_route=\/wp\/v2\/pages"}],"about":[{"href":"https:\/\/www.koprek.eu\/index.php?rest_route=\/wp\/v2\/types\/page"}],"author":[{"embeddable":true,"href":"https:\/\/www.koprek.eu\/index.php?rest_route=\/wp\/v2\/users\/1"}],"replies":[{"embeddable":true,"href":"https:\/\/www.koprek.eu\/index.php?rest_route=%2Fwp%2Fv2%2Fcomments&post=109"}],"version-history":[{"count":8,"href":"https:\/\/www.koprek.eu\/index.php?rest_route=\/wp\/v2\/pages\/109\/revisions"}],"predecessor-version":[{"id":215,"href":"https:\/\/www.koprek.eu\/index.php?rest_route=\/wp\/v2\/pages\/109\/revisions\/215"}],"wp:attachment":[{"href":"https:\/\/www.koprek.eu\/index.php?rest_route=%2Fwp%2Fv2%2Fmedia&parent=109"}],"curies":[{"name":"wp","href":"https:\/\/api.w.org\/{rel}","templated":true}]}}